{"id":7380,"date":"2023-11-21T16:22:15","date_gmt":"2023-11-21T08:22:15","guid":{"rendered":"http:\/\/www.wbusi.com\/?post_type=product&#038;p=7380"},"modified":"2023-11-21T16:33:56","modified_gmt":"2023-11-21T08:33:56","slug":"uvex-megasonic-schweiserschutzvollsichtbrille-innen-beschlagfrei-ausen-kratzfest-und-robust-gegen-funken-schweiserschutzstufe-5","status":"publish","type":"product","link":"https:\/\/www.wbusi.com\/ru\/product\/uvex-megasonic-schweiserschutzvollsichtbrille-innen-beschlagfrei-ausen-kratzfest-und-robust-gegen-funken-schweiserschutzstufe-5\/","title":{"rendered":"uvex megasonic Schwei\u00dferschutzvollsichtbrille innen beschlagfrei, au\u00dfen kratzfest und robust gegen Funken Schwei\u00dferschutzstufe 5"},"content":{"rendered":"<p>uvex megasonic 9320<br \/>\n\u0444\u0443\u043d\u043a\u0446\u0438\u043e\u043d\u0430\u043b\u044c\u043d\u0430\u044f Schwei\u00dfer-Vollsichtbrille \u0432 Skibrillendesign \u0441 Panoramasichtfeld<br \/>\n\u042d\u0439\u043d\u0437\u0438\u0433\u0430\u0440\u0442\u0438\u0433\u0435\u0441, \u0440\u0430\u0445\u043c\u0435\u043d\u043b\u043e\u0441\u0435\u0441 \u0448\u0430\u0439\u0431\u0435\u043d\u0434\u0438\u0437\u0430\u0439\u043d \u0441 \u043c\u0430\u043a\u0441\u0438\u043c\u0430\u043b\u044c\u043d\u043e \u043e\u043f\u0442\u0438\u043c\u0438\u0437\u0438\u0440\u043e\u0432\u0430\u043d\u043d\u044b\u043c \u0448\u0442\u0440\u0438\u0445\u0444\u0435\u043b\u044c\u0434\u043e\u043c \u0434\u043b\u044f \u043d\u0430\u0438\u043b\u0443\u0447\u0448\u0435\u0433\u043e \u0438\u0441\u043f\u043e\u043b\u044c\u0437\u043e\u0432\u0430\u043d\u0438\u044f \u0433\u0435\u0444\u0430\u0440\u0435\u043d\u0448\u0442\u0435\u043b\u043b\u0435\u0440\u043e\u0432 \u0438 \u043f\u043e\u0432\u044b\u0448\u0435\u043d\u043d\u043e\u0439 \u0431\u0435\u0437\u043e\u043f\u0430\u0441\u043d\u043e\u0441\u0442\u0438<br \/>\n\u041c\u044b\u0448\u0435\u0447\u043d\u044b\u0439, \u0430\u0434\u0430\u043f\u0442\u0438\u0432\u043d\u044b\u0439 \u0433\u0435\u0437\u0438\u0445\u0442\u0441\u0430\u0443\u0444\u043b\u0430\u0436 \u043e\u0431\u0435\u0441\u043f\u0435\u0447\u0438\u0432\u0430\u0435\u0442 \u0443\u043d\u0438\u0432\u0435\u0440\u0441\u0430\u043b\u044c\u043d\u0443\u044e \u0444\u043e\u0440\u043c\u0443 \u0434\u043b\u044f \u0440\u0430\u0437\u043b\u0438\u0447\u043d\u044b\u0445 \u0444\u043e\u0440\u043c \u043a\u043e\u043f\u0444\u0430 \u0438 \u0433\u0435\u0437\u0438\u0445\u0442\u0441\u0430\u0443\u0444\u043b\u0430\u0436\u0430, \u0430 \u0442\u0430\u043a\u0436\u0435 \u0434\u0438\u0445\u0442\u0435\u043d \u0441\u0438\u0442\u0446 \u043e\u043d\u0435 \u0434\u0440\u0430\u043a\u0441\u0442\u0435\u043b\u043b\u0435\u043d<br \/>\n\u0411\u043e\u043b\u044c\u0448\u043e\u0439 \u0432\u043d\u0443\u0442\u0440\u0435\u043d\u043d\u0438\u0439 \u043e\u0431\u044a\u0435\u043c \u0438 \u0440\u0430\u0437\u0434\u0435\u043b\u0438\u0442\u0435\u043b\u0438 \u0434\u043b\u044f \u0431\u0440\u0438\u043b\u043b\u0438\u0430\u043d\u0442\u043e\u0432 \u043f\u043e\u0437\u0432\u043e\u043b\u044f\u044e\u0442 \u0438\u0441\u043f\u043e\u043b\u044c\u0437\u043e\u0432\u0430\u0442\u044c \u0438\u0445 \u0432 \u043a\u0430\u0447\u0435\u0441\u0442\u0432\u0435 \u0442\u0440\u0430\u0433\u0435\u0434\u0438\u0438 \u0431\u0435\u0437 \u0434\u0440\u0430\u043a\u0441\u0442\u0435\u043b\u043b\u043e\u0432, \u0430 \u0442\u0430\u043a\u0436\u0435 \u0434\u043b\u044f \u0431\u0440\u0438\u043b\u043b\u0438\u0430\u043d\u0442\u043e\u0432<br \/>\n\u0418\u043d\u0434\u0438\u0440\u0435\u043a\u0442\u0438\u0432\u043d\u0430\u044f \u0441\u0438\u0441\u0442\u0435\u043c\u0430 Bel\u00fcftungssystem \u0434\u043b\u044f \u044d\u0440\u0433\u043e\u043d\u043e\u043c\u0438\u0447\u043d\u043e\u0439 \u043b\u044e\u0444\u0442\u0446\u0438\u0440\u043a\u0443\u043b\u044f\u0446\u0438\u0438<br \/>\n30-\u043c\u0438\u043b\u043b\u0438\u043c\u0435\u0442\u0440\u043e\u0432\u044b\u0439, \u0434\u043b\u0438\u043d\u043d\u043e\u0432\u043e\u0440\u0441\u043e\u0432\u044b\u0439 \u0442\u0435\u043a\u0441\u0442\u0438\u043b\u044c\u043d\u044b\u0439 \u0431\u0430\u043d\u0434\u0430\u0436 \u0434\u043b\u044f \u043e\u043f\u0442\u0438\u043c\u0430\u043b\u044c\u043d\u043e\u0439 \u043e\u0441\u0442\u0430\u043d\u043e\u0432\u043a\u0438 \u0438 \u0438\u043d\u0434\u0438\u0432\u0438\u0434\u0443\u0430\u043b\u044c\u043d\u043e\u0439 \u0430\u043f\u0430\u0441\u0431\u0430\u0440\u043a\u0435\u0438\u0442<br \/>\n\u041f\u0440\u043e\u0447\u043d\u044b\u0439 \u043f\u043e\u043b\u0438\u043a\u0430\u0440\u0431\u043e\u043d\u0430\u0442-\u0448\u0430\u0439\u0431\u0430 \u0441 \u043b\u0443\u0447\u0448\u0435\u0439 \u0442\u0435\u0445\u043d\u043e\u043b\u043e\u0433\u0438\u0435\u0439 uvex infradur Beschichtungstechnologie - \u0434\u043e\u043b\u0433\u043e\u0432\u0435\u0447\u043d\u0430\u044f \u0431\u0435\u0441\u0448\u043b\u0430\u0433\u0444\u0440\u0435\u0439\u043d\u0430\u044f \u0438 \u043a\u0440\u0430\u0446\u0435\u0444\u0440\u0435\u0439\u043d\u0430\u044f \u0441\u0445\u0435\u043c\u0430<br \/>\n\u0418\u041a-\u0448\u0443\u0442\u0446 \u043d\u0430 \u0443\u0440\u043e\u0432\u043d\u0435 EN 169 \u0441 \u0438\u0434\u0435\u0430\u043b\u044c\u043d\u044b\u043c \u0434\u0430\u043b\u044c\u043d\u043e\u043c\u0435\u0440\u043e\u043c \u043d\u0430 \u0443\u0440\u043e\u0432\u043d\u0435 EN 172<br \/>\nUV400 - 100 % Schutz vor gef\u00e4hrlicher UVA- und UVB-Strahlung bis 400 nm<br \/>\nmetallfrei<br \/>\n\u0424\u0430\u0441\u043e\u043d \u0448\u0432\u0430\u0440\u0446, \u0433\u0440\u044e\u043d \/ W 166 34 BT CE<br \/>\nScheibe PC grau Schwei\u00dferschutz Stufe 5, UV400 + IR \/ 5 W1 BTKN CE<br \/>\nBeschichtung uvex infradur plus<\/p>\n<p>\u0423\u0432\u0435\u0434\u043e\u043c\u043b\u0435\u043d\u0438\u0435 \u043f\u043e\u043a\u0443\u043f\u0430\u0442\u0435\u043b\u044f<br \/>\n1. \u041e \u043f\u0440\u043e\u0434\u0443\u043a\u0442\u0435<br \/>\n\u0412 \u0441\u0432\u044f\u0437\u0438 \u0441 \u043a\u043e\u043b\u0435\u0431\u0430\u043d\u0438\u044f\u043c\u0438 \u0440\u044b\u043d\u043a\u0430, \u0438\u0437\u043c\u0435\u043d\u0435\u043d\u0438\u0435\u043c \u0432\u0430\u043b\u044e\u0442\u043d\u044b\u0445 \u043a\u0443\u0440\u0441\u043e\u0432 \u0438 \u0434\u0440\u0443\u0433\u0438\u043c\u0438 \u0444\u0430\u043a\u0442\u043e\u0440\u0430\u043c\u0438 \u0446\u0435\u043d\u044b \u043d\u0430 \u043f\u0440\u043e\u0434\u0443\u043a\u0446\u0438\u044e \u0438 \u0435\u0435 \u0445\u0430\u0440\u0430\u043a\u0442\u0435\u0440\u0438\u0441\u0442\u0438\u043a\u0438 \u043d\u043e\u0441\u044f\u0442 \u0438\u0441\u043a\u043b\u044e\u0447\u0438\u0442\u0435\u043b\u044c\u043d\u043e \u0441\u043f\u0440\u0430\u0432\u043e\u0447\u043d\u044b\u0439 \u0445\u0430\u0440\u0430\u043a\u0442\u0435\u0440; \u043a\u043e\u043d\u043a\u0440\u0435\u0442\u043d\u044b\u0435 \u0442\u0440\u0435\u0431\u043e\u0432\u0430\u043d\u0438\u044f \u043a \u043f\u0440\u043e\u0434\u0443\u043a\u0446\u0438\u0438 \u0437\u0430\u0432\u0438\u0441\u044f\u0442 \u043e\u0442 \u043f\u043e\u0436\u0435\u043b\u0430\u043d\u0438\u0439 \u0437\u0430\u043a\u0430\u0437\u0447\u0438\u043a\u0430, \u0430 \u0446\u0435\u043d\u0430 \u043e\u043f\u0440\u0435\u0434\u0435\u043b\u044f\u0435\u0442\u0441\u044f \u043d\u0430 \u043e\u0441\u043d\u043e\u0432\u0435 \u0441\u043e\u043e\u0431\u0449\u0435\u043d\u043d\u043e\u0433\u043e \u043f\u0440\u0435\u0434\u043b\u043e\u0436\u0435\u043d\u0438\u044f. \u0412\u0441\u0435 \u0446\u0435\u043d\u044b \u043d\u0430 \u043f\u0440\u043e\u0434\u0443\u043a\u0446\u0438\u044e, \u0443\u043a\u0430\u0437\u0430\u043d\u043d\u044b\u0435 \u043d\u0430 \u0434\u0430\u043d\u043d\u043e\u043c \u0441\u0430\u0439\u0442\u0435, \u043d\u0435 \u044f\u0432\u043b\u044f\u044e\u0442\u0441\u044f \u0446\u0435\u043d\u0430\u043c\u0438 \u0441\u0434\u0435\u043b\u043e\u043a \u0438 \u043d\u043e\u0441\u044f\u0442 \u0438\u0441\u043a\u043b\u044e\u0447\u0438\u0442\u0435\u043b\u044c\u043d\u043e \u0441\u043f\u0440\u0430\u0432\u043e\u0447\u043d\u044b\u0439 \u0445\u0430\u0440\u0430\u043a\u0442\u0435\u0440!<br \/>\n2. \u041e \u0442\u043e\u0432\u0430\u0440\u043d\u043e\u043c \u0437\u043d\u0430\u043a\u0435 \u0410\u0432\u0442\u043e\u0440\u0441\u043a\u043e\u0435 \u043f\u0440\u0430\u0432\u043e<br \/>\n\u0412\u0441\u0435 \u043d\u0430\u0437\u0432\u0430\u043d\u0438\u044f \u043a\u043e\u043c\u043f\u0430\u043d\u0438\u0439, \u0442\u043e\u0440\u0433\u043e\u0432\u044b\u0435 \u043c\u0430\u0440\u043a\u0438, \u043b\u043e\u0433\u043e\u0442\u0438\u043f\u044b, \u0438\u0437\u043e\u0431\u0440\u0430\u0436\u0435\u043d\u0438\u044f \u043f\u0440\u043e\u0434\u0443\u043a\u0442\u043e\u0432, \u043e\u043f\u0438\u0441\u0430\u043d\u0438\u044f \u043f\u0440\u043e\u0434\u0443\u043a\u0442\u043e\u0432, \u043d\u0430\u0437\u0432\u0430\u043d\u0438\u044f \u0442\u043e\u0440\u0433\u043e\u0432\u044b\u0445 \u043c\u0430\u0440\u043e\u043a \u0438 \u0430\u0432\u0442\u043e\u0440\u0441\u043a\u0438\u0435 \u043f\u0440\u0430\u0432\u0430 \u043d\u0430 \u0442\u043e\u0440\u0433\u043e\u0432\u044b\u0435 \u043c\u0430\u0440\u043a\u0438, \u043e\u0442\u043d\u043e\u0441\u044f\u0449\u0438\u0435\u0441\u044f \u043a \u0434\u0430\u043d\u043d\u043e\u043c\u0443 \u0441\u0430\u0439\u0442\u0443, \u043f\u0440\u0438\u043d\u0430\u0434\u043b\u0435\u0436\u0430\u0442 \u0441\u043e\u043e\u0442\u0432\u0435\u0442\u0441\u0442\u0432\u0443\u044e\u0449\u0438\u043c \u0442\u043e\u0440\u0433\u043e\u0432\u044b\u043c \u043c\u0430\u0440\u043a\u0430\u043c; \u0414\u0430\u043d\u043d\u044b\u0439 \u0441\u0430\u0439\u0442 \u043f\u0440\u0435\u0434\u043d\u0430\u0437\u043d\u0430\u0447\u0435\u043d \u0442\u043e\u043b\u044c\u043a\u043e \u0434\u043b\u044f \u0443\u0434\u043e\u0431\u0441\u0442\u0432\u0430 \u0438\u0434\u0435\u043d\u0442\u0438\u0444\u0438\u043a\u0430\u0446\u0438\u0438 \u043f\u0440\u043e\u0434\u0443\u043a\u0442\u043e\u0432.<br \/>\n\u0412\u043e \u0438\u0437\u0431\u0435\u0436\u0430\u043d\u0438\u0435 \u043d\u0435\u043d\u0443\u0436\u043d\u044b\u0445 \u0441\u043f\u043e\u0440\u043e\u0432 \u0432\u043d\u0438\u043c\u0430\u0442\u0435\u043b\u044c\u043d\u043e \u043e\u0437\u043d\u0430\u043a\u043e\u043c\u044c\u0442\u0435\u0441\u044c \u0441 \u0438\u043d\u0441\u0442\u0440\u0443\u043a\u0446\u0438\u044f\u043c\u0438 \u043f\u043e\u043a\u0443\u043f\u0430\u0442\u0435\u043b\u044f.<\/p>","protected":false},"excerpt":{"rendered":"<p>\u0411\u0440\u0435\u043d\u0434:uvex<br \/>\n\u043c\u043e\u0434\u0435\u043b\u044c\uff1a9320045<br \/>\n\u0415\u0441\u043b\u0438 \u0412\u044b \u0445\u043e\u0442\u0438\u0442\u0435 \u0443\u0437\u043d\u0430\u0442\u044c \u043e \u043f\u0440\u043e\u0434\u0443\u043a\u0442\u0435, \u043f\u043e\u0436\u0430\u043b\u0443\u0439\u0441\u0442\u0430, \u0441\u0432\u044f\u0436\u0438\u0442\u0435\u0441\u044c \u0441 \u043d\u0430\u043c\u0438.<br \/>\n\u041f\u043e\u0436\u0430\u043b\u0443\u0439\u0441\u0442\u0430, \u0443\u043a\u0430\u0436\u0438\u0442\u0435 \u043c\u0430\u0440\u043a\u0443, \u043c\u043e\u0434\u0435\u043b\u044c \u0438 \u043a\u043e\u043b\u0438\u0447\u0435\u0441\u0442\u0432\u043e \u0434\u043b\u044f \u0437\u0430\u043f\u0440\u043e\u0441\u0430.<\/p>","protected":false},"featured_media":7391,"comment_status":"open","ping_status":"closed","template":"","meta":[],"product_cat":[15],"product_tag":[50],"class_list":["post-7380","product","type-product","status-publish","has-post-thumbnail","hentry","product_cat-uncategorized","product_tag-andymark"],"_links":{"self":[{"href":"https:\/\/www.wbusi.com\/ru\/wp-json\/wp\/v2\/product\/7380","targetHints":{"allow":["GET"]}}],"collection":[{"href":"https:\/\/www.wbusi.com\/ru\/wp-json\/wp\/v2\/product"}],"about":[{"href":"https:\/\/www.wbusi.com\/ru\/wp-json\/wp\/v2\/types\/product"}],"replies":[{"embeddable":true,"href":"https:\/\/www.wbusi.com\/ru\/wp-json\/wp\/v2\/comments?post=7380"}],"version-history":[{"count":1,"href":"https:\/\/www.wbusi.com\/ru\/wp-json\/wp\/v2\/product\/7380\/revisions"}],"predecessor-version":[{"id":7404,"href":"https:\/\/www.wbusi.com\/ru\/wp-json\/wp\/v2\/product\/7380\/revisions\/7404"}],"wp:featuredmedia":[{"embeddable":true,"href":"https:\/\/www.wbusi.com\/ru\/wp-json\/wp\/v2\/media\/7391"}],"wp:attachment":[{"href":"https:\/\/www.wbusi.com\/ru\/wp-json\/wp\/v2\/media?parent=7380"}],"wp:term":[{"taxonomy":"product_cat","embeddable":true,"href":"https:\/\/www.wbusi.com\/ru\/wp-json\/wp\/v2\/product_cat?post=7380"},{"taxonomy":"product_tag","embeddable":true,"href":"https:\/\/www.wbusi.com\/ru\/wp-json\/wp\/v2\/product_tag?post=7380"}],"curies":[{"name":"wp","href":"https:\/\/api.w.org\/{rel}","templated":true}]}}