{"id":7366,"date":"2023-11-21T16:16:16","date_gmt":"2023-11-21T08:16:16","guid":{"rendered":"http:\/\/www.wbusi.com\/?post_type=product&#038;p=7366"},"modified":"2023-11-21T16:20:58","modified_gmt":"2023-11-21T08:20:58","slug":"uvex-kollektion-26-parka-men-oliv","status":"publish","type":"product","link":"https:\/\/www.wbusi.com\/zh\/product\/uvex-kollektion-26-parka-men-oliv\/","title":{"rendered":"uvex Kollektion 26 Parka men oliv"},"content":{"rendered":"<p>Uvex Kollektion 26 \u7537\u58eb\u6d3e\u514b\u5927\u8863<br \/>\n\u578b\u53f77302 Artikelnr.<br \/>\n\u6a44\u6984\u8272<br \/>\n\u6750\u6599100% \u5c3c\u9f99\uff0c\u7ea6 170 \u514b\/\u5e73\u65b9\u7c73<br \/>\n\u6ee4\u6ce2\u5668100% \u805a\u916f<br \/>\nw\u00e4mend<br \/>\n\u98ce\u529b\u548c\u6c34\u529b<br \/>\nurbaner Look<br \/>\n\u5e26\u9632\u6c34\u529f\u80fd\uff0c\u9694\u79bb\u6548\u679c\u6700\u4f73<br \/>\n\u7eda\u4e3d\u7684\u8272\u5f69<br \/>\n\u6700\u5927\u884c\u9a76\u81ea\u7531\u5ea6<br \/>\n\u5e26\u7ffb\u76d6\u7684\u624b\u63d0\u888b<br \/>\nGr\u00f6\u00dfen\uff1aS-4XL, \u00dcbergr\u00f6\u00dfenzuschlag: ab Gr\u00f6\u00dfe XXL + 10 %<br \/>\nSchonwaschgang 30 Grad\u3001<br \/>\nnicht bleichen\u3001<br \/>\nnicht im Trockner trocknen\u3001<br \/>\ngeringe Temeratur. <\/p>\n<p>\u4e70\u5bb6\u987b\u77e5<br \/>\n1.\u5173\u4e8e\u4ea7\u54c1<br \/>\n\u7531\u4e8e\u5e02\u573a\u6ce2\u52a8\u3001\u6c47\u7387\u53d8\u52a8\u7b49\u56e0\u7d20\uff0c\u4ea7\u54c1\u4ef7\u683c\u53ca\u4ea7\u54c1\u5c5e\u6027\u4ec5\u4f9b\u53c2\u8003\uff1b\u5177\u4f53\u4ea7\u54c1\u8981\u6c42\u4ee5\u5ba2\u6237\u8981\u6c42\u4e3a\u51c6\uff0c\u4ef7\u683c\u4ee5\u6c9f\u901a\u62a5\u4ef7\u4e3a\u51c6\u3002\u672c\u7f51\u7ad9\u6240\u6709\u4ea7\u54c1\u4ef7\u683c\u5747\u4e0d\u4f5c\u4e3a\u4ea4\u6613\u4ef7\u683c\uff0c\u4ec5\u4f9b\u53c2\u8003\uff01<br \/>\n2.\u5173\u4e8e\u5546\u6807 \u7248\u6743<br \/>\n\u4e0e\u672c\u7f51\u7ad9\u76f8\u5173\u7684\u6240\u6709\u516c\u53f8\u540d\u79f0\u3001\u5546\u6807\u3001\u5fbd\u6807\u3001\u4ea7\u54c1\u56fe\u7247\u3001\u4ea7\u54c1\u8bf4\u660e\u3001\u4ea7\u54c1\u54c1\u724c\u540d\u79f0\u548c\u5546\u6807\u7248\u6743\u5747\u5c5e\u4e8e\u76f8\u5e94\u54c1\u724c\uff1b\u672c\u7f51\u7ad9\u4ec5\u4e3a\u65b9\u4fbf\u8bc6\u522b\u4ea7\u54c1\u800c\u8bbe\u8ba1\u3002<br \/>\n\u8bf7\u4ed4\u7ec6\u9605\u8bfb\u4e70\u65b9\u8bf4\u660e\uff0c\u4ee5\u907f\u514d\u4e0d\u5fc5\u8981\u7684\u7ea0\u7eb7\u3002<\/p>","protected":false},"excerpt":{"rendered":"<p>\u54c1\u724c\uff1auvex<br \/>\n\u578b\u53f7\uff1a88323<br \/>\n\u5982\u679c\u60a8\u60f3\u4e86\u89e3\u4ea7\u54c1\u4fe1\u606f\uff0c\u8bf7\u8054\u7cfb\u6211\u4eec\u3002<br \/>\n\u8bf7\u63d0\u4f9b\u54c1\u724c\u3001\u578b\u53f7\u548c\u6570\u91cf\u4ee5\u4f9b\u67e5\u8be2\u3002<\/p>","protected":false},"featured_media":7367,"comment_status":"open","ping_status":"closed","template":"","meta":[],"product_cat":[15],"product_tag":[50],"class_list":["post-7366","product","type-product","status-publish","has-post-thumbnail","hentry","product_cat-uncategorized","product_tag-andymark"],"_links":{"self":[{"href":"https:\/\/www.wbusi.com\/zh\/wp-json\/wp\/v2\/product\/7366","targetHints":{"allow":["GET"]}}],"collection":[{"href":"https:\/\/www.wbusi.com\/zh\/wp-json\/wp\/v2\/product"}],"about":[{"href":"https:\/\/www.wbusi.com\/zh\/wp-json\/wp\/v2\/types\/product"}],"replies":[{"embeddable":true,"href":"https:\/\/www.wbusi.com\/zh\/wp-json\/wp\/v2\/comments?post=7366"}],"version-history":[{"count":1,"href":"https:\/\/www.wbusi.com\/zh\/wp-json\/wp\/v2\/product\/7366\/revisions"}],"predecessor-version":[{"id":7368,"href":"https:\/\/www.wbusi.com\/zh\/wp-json\/wp\/v2\/product\/7366\/revisions\/7368"}],"wp:featuredmedia":[{"embeddable":true,"href":"https:\/\/www.wbusi.com\/zh\/wp-json\/wp\/v2\/media\/7367"}],"wp:attachment":[{"href":"https:\/\/www.wbusi.com\/zh\/wp-json\/wp\/v2\/media?parent=7366"}],"wp:term":[{"taxonomy":"product_cat","embeddable":true,"href":"https:\/\/www.wbusi.com\/zh\/wp-json\/wp\/v2\/product_cat?post=7366"},{"taxonomy":"product_tag","embeddable":true,"href":"https:\/\/www.wbusi.com\/zh\/wp-json\/wp\/v2\/product_tag?post=7366"}],"curies":[{"name":"wp","href":"https:\/\/api.w.org\/{rel}","templated":true}]}}