{"id":7378,"date":"2023-11-21T16:22:12","date_gmt":"2023-11-21T08:22:12","guid":{"rendered":"http:\/\/www.wbusi.com\/?post_type=product&#038;p=7378"},"modified":"2023-11-21T16:28:33","modified_gmt":"2023-11-21T08:28:33","slug":"uvex-pheos-nxt-planet-bugelbrille-innen-beschlagfrei-ausen-extrem-kratzfest-und-chemikalienbestandig","status":"publish","type":"product","link":"https:\/\/www.wbusi.com\/zh\/product\/uvex-pheos-nxt-planet-bugelbrille-innen-beschlagfrei-ausen-extrem-kratzfest-und-chemikalienbestandig\/","title":{"rendered":"uvex pheos nxt planet B\u00fcgelbrille B\u00fcgelbrille innen beschlagfrei, au\u00dfen extrem kratzfest und chemikalienbest\u00e4ndig"},"content":{"rendered":"<p>Uvex pheos nxt planet 9128<br \/>\n\u4f20\u7edf\u7684\u8fd0\u52a8\u578b\u8f7b\u91cf\u5316\u8bbe\u8ba1\uff0c\u91c7\u7528\u5168\u65b0\u7684\u8f66\u8f6e\u7ed3\u6784\uff0c\u53ef\u5b9e\u73b0\u6700\u4f73\u3001\u6700\u8212\u9002\u7684\u505c\u673a\u72b6\u6001<br \/>\n\u7b26\u5408\u4eba\u4f53\u5de5\u7a0b\u5b66\u8bbe\u8ba1\u7684\u5e26\u63e1\u529b\u7684\u624b\u67c4\u548c\u7ec6\u957f\u7684\u624b\u67c4\u672b\u7aef\u53ef\u786e\u4fdd\u8212\u9002\u3001\u8f7b\u67d4\u7684\u505c\u987f\uff0c\u800c\u65e0\u9700\u6572\u51fb\u624b\u67c4<br \/>\n\u901a\u8fc7\u5728\u706f\u7f69\u4e2d\u589e\u52a0\u5927\u91cf\u7167\u660e\uff0c\u964d\u4f4e\u4e86\u7a7a\u6c14\u6e7f\u5ea6\uff0c\u5b9e\u73b0\u4e86\u6781\u4f73\u7684\u6c14\u5019\u4f18\u5316\u548c\u65c5\u884c\u8212\u9002\u5ea6<br \/>\n\u7b26\u5408\u89e3\u5256\u5b66\u539f\u7406\u7684\u9f3b\u7ffc\u8bbe\u8ba1\uff0c\u8ba9\u4f69\u6234\u66f4\u8212\u9002<br \/>\n\u91c7\u7528\u5168\u65b0 uvex supravision Beschichtung \u6280\u672f\u7684\u575a\u56fa\u8010\u7528\u7684\u805a\u78b3\u9178\u916f\u62a4\u5957--\u53ef\u5feb\u901f\u62c6\u5378\u3001\u575a\u56fa\u8010\u7528\u7684\u62a4\u5957<br \/>\nUV400 - 100 % 400 \u7eb3\u7c73\u4ee5\u4e0b\u7d2b\u5916\u7ebf\u5f3a\u5ea6\u4fdd\u62a4\u5668<br \/>\n\u65e0\u91d1\u5c5e<br \/>\nuvex protecting planet - Scheibe aus massenbilanziertem Polycarbonat - B\u00fcgel bestehen anteilig aus recyceltem Material - nachhaltige Verpackung aus recyceltem Material<br \/>\nFassung anthrazit, jade \/ W 166 FT CE<br \/>\nScheibe PC farblos, UV400 \/ 2C-1,2 W1 FTKN CE<br \/>\nBeschichtung uvex supravision excellence<\/p>\n<p>\u4e70\u5bb6\u987b\u77e5<br \/>\n1.\u5173\u4e8e\u4ea7\u54c1<br \/>\n\u7531\u4e8e\u5e02\u573a\u6ce2\u52a8\u3001\u6c47\u7387\u53d8\u52a8\u7b49\u56e0\u7d20\uff0c\u4ea7\u54c1\u4ef7\u683c\u53ca\u4ea7\u54c1\u5c5e\u6027\u4ec5\u4f9b\u53c2\u8003\uff1b\u5177\u4f53\u4ea7\u54c1\u8981\u6c42\u4ee5\u5ba2\u6237\u8981\u6c42\u4e3a\u51c6\uff0c\u4ef7\u683c\u4ee5\u6c9f\u901a\u62a5\u4ef7\u4e3a\u51c6\u3002\u672c\u7f51\u7ad9\u6240\u6709\u4ea7\u54c1\u4ef7\u683c\u5747\u4e0d\u4f5c\u4e3a\u4ea4\u6613\u4ef7\u683c\uff0c\u4ec5\u4f9b\u53c2\u8003\uff01<br \/>\n2.\u5173\u4e8e\u5546\u6807 \u7248\u6743<br \/>\n\u4e0e\u672c\u7f51\u7ad9\u76f8\u5173\u7684\u6240\u6709\u516c\u53f8\u540d\u79f0\u3001\u5546\u6807\u3001\u5fbd\u6807\u3001\u4ea7\u54c1\u56fe\u7247\u3001\u4ea7\u54c1\u8bf4\u660e\u3001\u4ea7\u54c1\u54c1\u724c\u540d\u79f0\u548c\u5546\u6807\u7248\u6743\u5747\u5c5e\u4e8e\u76f8\u5e94\u54c1\u724c\uff1b\u672c\u7f51\u7ad9\u4ec5\u4e3a\u65b9\u4fbf\u8bc6\u522b\u4ea7\u54c1\u800c\u8bbe\u8ba1\u3002<br \/>\n\u8bf7\u4ed4\u7ec6\u9605\u8bfb\u4e70\u65b9\u8bf4\u660e\uff0c\u4ee5\u907f\u514d\u4e0d\u5fc5\u8981\u7684\u7ea0\u7eb7\u3002<\/p>","protected":false},"excerpt":{"rendered":"<p>\u54c1\u724c\uff1auvex<br \/>\n\u578b\u53f7\uff1a9128295<br \/>\n\u5982\u679c\u60a8\u60f3\u4e86\u89e3\u4ea7\u54c1\u4fe1\u606f\uff0c\u8bf7\u8054\u7cfb\u6211\u4eec\u3002<br \/>\n\u8bf7\u63d0\u4f9b\u54c1\u724c\u3001\u578b\u53f7\u548c\u6570\u91cf\u4ee5\u4f9b\u67e5\u8be2\u3002<\/p>","protected":false},"featured_media":7387,"comment_status":"open","ping_status":"closed","template":"","meta":[],"product_cat":[15],"product_tag":[50],"class_list":["post-7378","product","type-product","status-publish","has-post-thumbnail","hentry","product_cat-uncategorized","product_tag-andymark"],"_links":{"self":[{"href":"https:\/\/www.wbusi.com\/zh\/wp-json\/wp\/v2\/product\/7378","targetHints":{"allow":["GET"]}}],"collection":[{"href":"https:\/\/www.wbusi.com\/zh\/wp-json\/wp\/v2\/product"}],"about":[{"href":"https:\/\/www.wbusi.com\/zh\/wp-json\/wp\/v2\/types\/product"}],"replies":[{"embeddable":true,"href":"https:\/\/www.wbusi.com\/zh\/wp-json\/wp\/v2\/comments?post=7378"}],"version-history":[{"count":1,"href":"https:\/\/www.wbusi.com\/zh\/wp-json\/wp\/v2\/product\/7378\/revisions"}],"predecessor-version":[{"id":7388,"href":"https:\/\/www.wbusi.com\/zh\/wp-json\/wp\/v2\/product\/7378\/revisions\/7388"}],"wp:featuredmedia":[{"embeddable":true,"href":"https:\/\/www.wbusi.com\/zh\/wp-json\/wp\/v2\/media\/7387"}],"wp:attachment":[{"href":"https:\/\/www.wbusi.com\/zh\/wp-json\/wp\/v2\/media?parent=7378"}],"wp:term":[{"taxonomy":"product_cat","embeddable":true,"href":"https:\/\/www.wbusi.com\/zh\/wp-json\/wp\/v2\/product_cat?post=7378"},{"taxonomy":"product_tag","embeddable":true,"href":"https:\/\/www.wbusi.com\/zh\/wp-json\/wp\/v2\/product_tag?post=7378"}],"curies":[{"name":"wp","href":"https:\/\/api.w.org\/{rel}","templated":true}]}}