{"id":7380,"date":"2023-11-21T16:22:15","date_gmt":"2023-11-21T08:22:15","guid":{"rendered":"http:\/\/www.wbusi.com\/?post_type=product&#038;p=7380"},"modified":"2023-11-21T16:33:56","modified_gmt":"2023-11-21T08:33:56","slug":"uvex-megasonic-schweiserschutzvollsichtbrille-innen-beschlagfrei-ausen-kratzfest-und-robust-gegen-funken-schweiserschutzstufe-5","status":"publish","type":"product","link":"https:\/\/www.wbusi.com\/zh\/product\/uvex-megasonic-schweiserschutzvollsichtbrille-innen-beschlagfrei-ausen-kratzfest-und-robust-gegen-funken-schweiserschutzstufe-5\/","title":{"rendered":"uvex megasonic Schwei\u00dferschutzvollsichtbrille innen beschlagfrei, au\u00dfen kratzfest und robust gegen Funken Schwei\u00dferschutzstufe 5"},"content":{"rendered":"<p>Uvex Megasonic 9320<br \/>\n\u5e26 Panoramasichtfeld \u7684 Skibrillendesign \u529f\u80fd\u6027 Schwei\u00dfer-Vollsichtbrille<br \/>\n\u72ec\u7279\u3001\u7f8e\u89c2\u7684 Scheibendesign\uff0c\u6700\u5927\u7a0b\u5ea6\u5730\u4f18\u5316\u4e86\u89c6\u573a\u89d2\uff0c\u4ece\u800c\u66f4\u597d\u5730\u6d88\u9664\u5f71\u54cd\u548c\u63d0\u9ad8\u5b89\u5168\u6027<br \/>\n\u7b80\u6d01\u3001\u9002\u5e94\u6027\u5f3a\u7684\u56fe\u6848\u8bbe\u8ba1\u4e3a\u5404\u79cd\u4e0d\u540c\u7684\u684c\u9762\u548c\u56fe\u6848\u5f62\u5f0f\u63d0\u4f9b\u4e86\u901a\u7528\u7684\u901a\u884c\u65b9\u5f0f\uff0c\u540c\u65f6\u8fd8\u63d0\u4f9b\u4e86\u65e0\u5370\u5237\u7684\u8212\u9002\u5750\u59ff<br \/>\n\u5de8\u5927\u7684\u5185\u90e8\u7a7a\u95f4\u548c Brillenb\u00fcgel \u7684\u652f\u6491\uff0c\u4f7f Brillentr\u00e4ger \u4e5f\u80fd\u8f7b\u677e\u5b9e\u73b0\u65e0\u7eb8\u5316\u6253\u5370\u3002<br \/>\n\u7528\u4e8e\u964d\u4f4e\u80fd\u8017\u7684\u72ec\u7acb Bel\u00fcftungssystem<br \/>\n30 \u6beb\u7c73\u5bbd\u7684\u8d85\u957f\u7eba\u7ec7\u9876\u5e26\uff0c\u53ef\u63d0\u4f9b\u6700\u4f73\u7684\u505c\u987f\u548c\u4e2a\u6027\u5316\u7684\u5b89\u5168\u6027<br \/>\n\u91c7\u7528\u5168\u65b0 uvex infradur Beschichtung \u6280\u672f\u7684\u575a\u56fa\u8010\u7528\u7684\u805a\u78b3\u9178\u916f\u62a4\u5957 - \u53ef\u5feb\u901f\u62c6\u5378\u4e14\u575a\u56fa\u8010\u7528\u7684\u62a4\u5957<br \/>\n\u7b26\u5408 EN 169 \u6807\u51c6\u7684\u7ea2\u5916\u9632\u62a4\u7b49\u7ea7\uff0c\u4ee5\u53ca\u7b26\u5408 EN 172 \u6807\u51c6\u7684\u5b8c\u7f8e\u8fdc\u7ea2\u5916\u9632\u62a4\u7b49\u7ea7<br \/>\nUV400 - 100 % 400 \u7eb3\u7c73\u4ee5\u4e0b UVA \u548c UVB \u7d2b\u5916\u7ebf\u9632\u62a4\u7f69<br \/>\n\u65e0\u91d1\u5c5e<br \/>\nFassung schwarz, gr\u00fcn \/ W 166 34 BT CE<br \/>\nScheibe PC grau Schwei\u00dferschutz Stufe 5, UV400 + IR \/ 5 W1 BTKN CE<br \/>\nBeschichtung uvex infradur plus<\/p>\n<p>\u4e70\u5bb6\u987b\u77e5<br \/>\n1.\u5173\u4e8e\u4ea7\u54c1<br \/>\n\u7531\u4e8e\u5e02\u573a\u6ce2\u52a8\u3001\u6c47\u7387\u53d8\u52a8\u7b49\u56e0\u7d20\uff0c\u4ea7\u54c1\u4ef7\u683c\u53ca\u4ea7\u54c1\u5c5e\u6027\u4ec5\u4f9b\u53c2\u8003\uff1b\u5177\u4f53\u4ea7\u54c1\u8981\u6c42\u4ee5\u5ba2\u6237\u8981\u6c42\u4e3a\u51c6\uff0c\u4ef7\u683c\u4ee5\u6c9f\u901a\u62a5\u4ef7\u4e3a\u51c6\u3002\u672c\u7f51\u7ad9\u6240\u6709\u4ea7\u54c1\u4ef7\u683c\u5747\u4e0d\u4f5c\u4e3a\u4ea4\u6613\u4ef7\u683c\uff0c\u4ec5\u4f9b\u53c2\u8003\uff01<br \/>\n2.\u5173\u4e8e\u5546\u6807 \u7248\u6743<br \/>\n\u4e0e\u672c\u7f51\u7ad9\u76f8\u5173\u7684\u6240\u6709\u516c\u53f8\u540d\u79f0\u3001\u5546\u6807\u3001\u5fbd\u6807\u3001\u4ea7\u54c1\u56fe\u7247\u3001\u4ea7\u54c1\u8bf4\u660e\u3001\u4ea7\u54c1\u54c1\u724c\u540d\u79f0\u548c\u5546\u6807\u7248\u6743\u5747\u5c5e\u4e8e\u76f8\u5e94\u54c1\u724c\uff1b\u672c\u7f51\u7ad9\u4ec5\u4e3a\u65b9\u4fbf\u8bc6\u522b\u4ea7\u54c1\u800c\u8bbe\u8ba1\u3002<br \/>\n\u8bf7\u4ed4\u7ec6\u9605\u8bfb\u4e70\u65b9\u8bf4\u660e\uff0c\u4ee5\u907f\u514d\u4e0d\u5fc5\u8981\u7684\u7ea0\u7eb7\u3002<\/p>","protected":false},"excerpt":{"rendered":"<p>\u54c1\u724c\uff1auvex<br \/>\n\u578b\u53f7\uff1a9320045<br \/>\n\u5982\u679c\u60a8\u60f3\u4e86\u89e3\u4ea7\u54c1\u4fe1\u606f\uff0c\u8bf7\u8054\u7cfb\u6211\u4eec\u3002<br \/>\n\u8bf7\u63d0\u4f9b\u54c1\u724c\u3001\u578b\u53f7\u548c\u6570\u91cf\u4ee5\u4f9b\u67e5\u8be2\u3002<\/p>","protected":false},"featured_media":7391,"comment_status":"open","ping_status":"closed","template":"","meta":[],"product_cat":[15],"product_tag":[50],"class_list":["post-7380","product","type-product","status-publish","has-post-thumbnail","hentry","product_cat-uncategorized","product_tag-andymark"],"_links":{"self":[{"href":"https:\/\/www.wbusi.com\/zh\/wp-json\/wp\/v2\/product\/7380","targetHints":{"allow":["GET"]}}],"collection":[{"href":"https:\/\/www.wbusi.com\/zh\/wp-json\/wp\/v2\/product"}],"about":[{"href":"https:\/\/www.wbusi.com\/zh\/wp-json\/wp\/v2\/types\/product"}],"replies":[{"embeddable":true,"href":"https:\/\/www.wbusi.com\/zh\/wp-json\/wp\/v2\/comments?post=7380"}],"version-history":[{"count":1,"href":"https:\/\/www.wbusi.com\/zh\/wp-json\/wp\/v2\/product\/7380\/revisions"}],"predecessor-version":[{"id":7404,"href":"https:\/\/www.wbusi.com\/zh\/wp-json\/wp\/v2\/product\/7380\/revisions\/7404"}],"wp:featuredmedia":[{"embeddable":true,"href":"https:\/\/www.wbusi.com\/zh\/wp-json\/wp\/v2\/media\/7391"}],"wp:attachment":[{"href":"https:\/\/www.wbusi.com\/zh\/wp-json\/wp\/v2\/media?parent=7380"}],"wp:term":[{"taxonomy":"product_cat","embeddable":true,"href":"https:\/\/www.wbusi.com\/zh\/wp-json\/wp\/v2\/product_cat?post=7380"},{"taxonomy":"product_tag","embeddable":true,"href":"https:\/\/www.wbusi.com\/zh\/wp-json\/wp\/v2\/product_tag?post=7380"}],"curies":[{"name":"wp","href":"https:\/\/api.w.org\/{rel}","templated":true}]}}