{"id":7384,"date":"2023-11-21T16:22:19","date_gmt":"2023-11-21T08:22:19","guid":{"rendered":"http:\/\/www.wbusi.com\/?post_type=product&#038;p=7384"},"modified":"2023-11-21T16:32:29","modified_gmt":"2023-11-21T08:32:29","slug":"uvex-axess-one-aktiver-bluetooth-helmkapselgehorschutz-snr-31-db","status":"publish","type":"product","link":"https:\/\/www.wbusi.com\/zh\/product\/uvex-axess-one-aktiver-bluetooth-helmkapselgehorschutz-snr-31-db\/","title":{"rendered":"uvex aXess one aktiver Bluetooth Helmkapselgeh\u00f6rschutz SNR 31 dB"},"content":{"rendered":"<p>uvex aXess one \u5934\u76d4 - \u57fa\u5e95\u9762<br \/>\n\u7528\u4e8e\u8235\u624b\u63a7\u5236\u7684\u5185\u7f6e Bluetooth\u00ae Kapselgeh\u00f6rschutz \u4fdd\u62a4\u88c5\u7f6e<br \/>\n\u53ef\u9009\u4e24\u4e2a\u5934\u76d4\uff0cuvex bajonett \/ 30 mm Euroslot<br \/>\n\u901a\u8fc7\u80f6\u5408\u5242\u80f6\u56ca\u8fdb\u884c\u5f00\u7a97\u901a\u98ce<br \/>\n\u84dd\u7259 5.2\u3001\u51fa\u8272\u7684\u901a\u8bdd\u8d28\u91cf\u3001\u6781\u9ad8\u7684\u7075\u654f\u5ea6\u3001\u6700\u4f73\u7684\u80fd\u6e90\u6548\u7387<br \/>\n\u53cc\u8fde\u63a5\u6a21\u5f0f\uff0c\u53ef\u540c\u65f6\u8fde\u63a5 2 \u4e2a\u84dd\u7259\u8bbe\u5907<br \/>\n\u901a\u4fe1\u3001\u514d\u63d0\u7535\u8bdd\u3001\u97f3\u9891\u6d41<br \/>\n\u5e26\u7535\u6c60\u4fdd\u62a4\u529f\u80fd\u7684\u97f3\u9891\u8f85\u52a9\u8bbe\u5907\uff0c\u65e0\u6cd5\u5728\u4fdd\u62a4\u533a\u5185\u5bf9 Geh\u00f6rschutzes \u4ea7\u751f\u5f71\u54cd<br \/>\n\u901a\u4fe1\u3001\u7535\u8bdd\u548c\u97f3\u9891\u6d41<br \/>\nD\u00e4mpfung von sch\u00e4dlichem Impulsl\u00e4rm<br \/>\n\u65e0\u566a\u58f0\uff0c\u53ef\u964d\u4f4e 85 dB<br \/>\nRAL Funktion\uff08Real-Active-Listening\uff0c\u5b9e\u65f6\u76d1\u542c\uff09\uff0c\u7528\u4e8e\u5b9e\u65f6\u76d1\u6d4b\u73af\u5883\u566a\u58f0\u3002\u53ef\u9632\u6b62\u8bbe\u5907\u635f\u574f<br \/>\n\u8868\u683c\u4e2d\u7684\u529f\u80fd\u8bbe\u7f6e<br \/>\nIP54 Wasserdicht-und Staubgesch\u00fctzt \u7406\u60f3\u7528\u4e8e Au\u00dfenbereich \u7684\u8bbe\u5907<br \/>\n\u5bbd\u655e\u7684\u7a7a\u95f4\uff0c\u5b8c\u7f8e\u7684\u4f4d\u7f6e\u8bbe\u8ba1<br \/>\nMikrofonabdeckungen zur Minimierung der Windger\u00e4usche oder as zus\u00e4tzlichen Schutz<br \/>\n\u7531\u8bb0\u5fc6\u6d77\u7ef5\u5236\u6210\u7684\u8f6f\u57ab\uff0c\u63d0\u4f9b\u8212\u9002\u7684\u81c0\u90e8\u548c\u81c0\u90e8\u89e6\u611f<br \/>\n\u8212\u9002\u7684\u9632\u5c18\u7f69\uff0c\u5e26\u6765\u8212\u9002\u7684\u4f7f\u7528\u4f53\u9a8c<br \/>\nFaltbares Kopfband klein und handlich verstaubar, auch ideal die Geh\u00f6rschutztasche mit G\u00fcrtelschlaufen Art.Nr. 2000002.(Zubeh\u00f6r)<br \/>\n\u536b\u751f\u5957\u88c5 Art.Nr.2592641 \u662f\u6211\u4eec\u7684\u9996\u9009\u3002<br \/>\n\u8be5\u4ea7\u54c1\u7b26\u5408 EN 352-3:2020\u3001EN 352-4\u3001EN 352-6\u3001EN 352-8\u3001ANSI S-3.19-1974\u3001CSA Z94.2-02\u3001AS\/NZS 1270:2002 \u548c PSA-Verordnung (EU)2016\/425 \u6807\u51c6\u4ee5\u53ca 2014\/53\/EU\u3001RED 2014\/53\/EU \u548c FCC \u6807\u51c6\u3002\u4e3a\u4fdd\u8bc1\u8235\u673a\u7684\u5b89\u5168\uff0c\u8fd8\u9700\u5728 30 \u6beb\u7c73\u6b27\u6d32\u63d2\u69fd\u4e0a\u5b89\u88c5\u5408\u683c\u7684 Geh\u00f6rschutzkapsel Helmb\u00fcgel\uff0c\u4ee5\u4fbf\u5728\u8235\u673a\u4e0a\u8fdb\u884c\u76f4\u63a5\u76d1\u63a7\uff1aArt.Nr\uff1a2600230 for die uvex Bajonett Anbindung die<br \/>\n\u8ba2\u8d27\u53f7\uff1a2640201<br \/>\n\u989c\u8272: \u9ed1\u8272\/\u7070\u8272<br \/>\n\u4fe1\u566a\u6bd4\uff1a25 \u5206\u8d1d\uff0cHML-Wert\uff1a27-21-18 \u5206\u8d1d<br \/>\n\u9644\u4ef6\uff1auvex aXess one\u3001Akku\uff08\u8282\u65e5\u5305\u88c5\uff09\u3001Schnellstart Anleitung\u3001USB \u6807\u7b7e\u30013.5 \u6beb\u7c73\u97f3\u9891\u6807\u7b7e\u3001Mikrofon Abdeckungen\uff083 St\u00fcck\uff09<br \/>\nBestellmengeneinheit\uff1a1 \u4ef6<br \/>\n\u5305\u88c520 \u7bb1\u5305\u88c5<\/p>\n<p>\u4e70\u5bb6\u987b\u77e5<br \/>\n1.\u5173\u4e8e\u4ea7\u54c1<br \/>\n\u7531\u4e8e\u5e02\u573a\u6ce2\u52a8\u3001\u6c47\u7387\u53d8\u52a8\u7b49\u56e0\u7d20\uff0c\u4ea7\u54c1\u4ef7\u683c\u53ca\u4ea7\u54c1\u5c5e\u6027\u4ec5\u4f9b\u53c2\u8003\uff1b\u5177\u4f53\u4ea7\u54c1\u8981\u6c42\u4ee5\u5ba2\u6237\u8981\u6c42\u4e3a\u51c6\uff0c\u4ef7\u683c\u4ee5\u6c9f\u901a\u62a5\u4ef7\u4e3a\u51c6\u3002\u672c\u7f51\u7ad9\u6240\u6709\u4ea7\u54c1\u4ef7\u683c\u5747\u4e0d\u4f5c\u4e3a\u4ea4\u6613\u4ef7\u683c\uff0c\u4ec5\u4f9b\u53c2\u8003\uff01<br \/>\n2.\u5173\u4e8e\u5546\u6807 \u7248\u6743<br \/>\n\u4e0e\u672c\u7f51\u7ad9\u76f8\u5173\u7684\u6240\u6709\u516c\u53f8\u540d\u79f0\u3001\u5546\u6807\u3001\u5fbd\u6807\u3001\u4ea7\u54c1\u56fe\u7247\u3001\u4ea7\u54c1\u8bf4\u660e\u3001\u4ea7\u54c1\u54c1\u724c\u540d\u79f0\u548c\u5546\u6807\u7248\u6743\u5747\u5c5e\u4e8e\u76f8\u5e94\u54c1\u724c\uff1b\u672c\u7f51\u7ad9\u4ec5\u4e3a\u65b9\u4fbf\u8bc6\u522b\u4ea7\u54c1\u800c\u8bbe\u8ba1\u3002<br \/>\n\u8bf7\u4ed4\u7ec6\u9605\u8bfb\u4e70\u65b9\u8bf4\u660e\uff0c\u4ee5\u907f\u514d\u4e0d\u5fc5\u8981\u7684\u7ea0\u7eb7\u3002<\/p>","protected":false},"excerpt":{"rendered":"<p>\u54c1\u724c\uff1auvex<br \/>\n\u578b\u53f7\uff1a2640201<br \/>\n\u5982\u679c\u60a8\u60f3\u4e86\u89e3\u4ea7\u54c1\u4fe1\u606f\uff0c\u8bf7\u8054\u7cfb\u6211\u4eec\u3002<br \/>\n\u8bf7\u63d0\u4f9b\u54c1\u724c\u3001\u578b\u53f7\u548c\u6570\u91cf\u4ee5\u4f9b\u67e5\u8be2\u3002<\/p>","protected":false},"featured_media":7398,"comment_status":"open","ping_status":"closed","template":"","meta":[],"product_cat":[15],"product_tag":[50],"class_list":["post-7384","product","type-product","status-publish","has-post-thumbnail","hentry","product_cat-uncategorized","product_tag-andymark"],"_links":{"self":[{"href":"https:\/\/www.wbusi.com\/zh\/wp-json\/wp\/v2\/product\/7384","targetHints":{"allow":["GET"]}}],"collection":[{"href":"https:\/\/www.wbusi.com\/zh\/wp-json\/wp\/v2\/product"}],"about":[{"href":"https:\/\/www.wbusi.com\/zh\/wp-json\/wp\/v2\/types\/product"}],"replies":[{"embeddable":true,"href":"https:\/\/www.wbusi.com\/zh\/wp-json\/wp\/v2\/comments?post=7384"}],"version-history":[{"count":1,"href":"https:\/\/www.wbusi.com\/zh\/wp-json\/wp\/v2\/product\/7384\/revisions"}],"predecessor-version":[{"id":7399,"href":"https:\/\/www.wbusi.com\/zh\/wp-json\/wp\/v2\/product\/7384\/revisions\/7399"}],"wp:featuredmedia":[{"embeddable":true,"href":"https:\/\/www.wbusi.com\/zh\/wp-json\/wp\/v2\/media\/7398"}],"wp:attachment":[{"href":"https:\/\/www.wbusi.com\/zh\/wp-json\/wp\/v2\/media?parent=7384"}],"wp:term":[{"taxonomy":"product_cat","embeddable":true,"href":"https:\/\/www.wbusi.com\/zh\/wp-json\/wp\/v2\/product_cat?post=7384"},{"taxonomy":"product_tag","embeddable":true,"href":"https:\/\/www.wbusi.com\/zh\/wp-json\/wp\/v2\/product_tag?post=7384"}],"curies":[{"name":"wp","href":"https:\/\/api.w.org\/{rel}","templated":true}]}}